{"id":144,"date":"2020-01-17T17:33:18","date_gmt":"2020-01-17T16:33:18","guid":{"rendered":"https:\/\/www.djk-bw-hildesheim-schuetzen.de\/?page_id=144"},"modified":"2020-01-17T17:33:18","modified_gmt":"2020-01-17T16:33:18","slug":"wir-ueber-uns","status":"publish","type":"page","link":"https:\/\/www.djk-bw-hildesheim-schuetzen.de\/?page_id=144","title":{"rendered":"Wir \u00fcber uns"},"content":{"rendered":"<p><!--StartFragment--><\/p>\n\n\n<h1 class=\"wp-block-heading\"><strong>Werdegang der Schie\u00dfabteilung<\/strong><\/h1>\n\n\n\n<p>Am 28.11.1956 fand die Gr\u00fcndungsversammlung der Schie\u00dfabteilung statt. Neun Mitglieder unseres Vereins machten den Anfang:<\/p>\n\n\n\n<p>Bernhard und Rudolf Bodmann, Willi Haselberger, Heinrich Lohmann, Gerhard Marheineke, Friedel M\u00fcller, Klaus Uhde, Teo Uthoff und Herbert Weddig. Was schon 1955 als sehr abenteuerliche und gef\u00e4hrliche Freizeitbesch\u00e4ftigung begonnen hatte, wurde nun in geregelte Bahnen geleitet. Der Leitgedanke dieser Gr\u00fcndung war, die \u00e4lteren und bisher passiven Mitglieder f\u00fcr diese Sportart und damit wieder f\u00fcr das aktive Vereinsleben zu gewinnen. Aber dabei blieb es nicht. In k\u00fcrzester Zeit mauserte sich die Schie\u00dfabteilung zu einer aktiven Sportabteilung mit Sch\u00fctzen-, Alters- und Jugendklasse. Am 01.01.1957 erfolgte die erste Meldung von 19 Sch\u00fctzen und 5 Jugendlichen an den Landessch\u00fctzenverband und damit die offizielle Anmeldung der &#8222;TSV Blau-Wei\u00df Hildesheim e.V. Schie\u00dfabteilung&#8220;. Von der &#8222;Nissenh\u00fctte&#8220; wurde das Training in den Gastraum des G\u00fcldenen L\u00f6wens verlegt. Das \u00dcbungsschie\u00dfen sonntags von 10.00 bis 12.00 Uhr fand regen Zuspruch, und so blieben die Erfolge auch nicht aus. Auszug aus den Vereinsnachrichten Oktober 1957: &#8222;Die bisher von der Schie\u00dfabteilung mit anderen Vereinen durchgef\u00fchrten Vergleichsschie\u00dfen wurden ausnahmslos gewonnen.&#8220; 1958 wurde die erste K\u00f6nigskette angeschafft und ausgeschossen. Da der Schie\u00df- bzw. \u00dcbungsbetrieb immer gr\u00f6\u00dfer wurde, mu\u00dfte eine andere Trainingsm\u00f6glichkeit gefunden werden. Der Gastwirt Jockel Henze gab uns die M\u00f6glichkeit, in seinem Garten einen Schie\u00dfstand zu bauen. In Eigenhilfe wurde ein Luftgewehrstand mit drei Schie\u00dfbahnen errichtet, den wir am 28.\/29.05 1960 in Betrieb nehmen konnten. Gleichzeitig wurde die &#8222;Franz-Henke-Kette&#8220; zum ersten Mal ausgeschossen. 1962 folgten die Damen- und die Jugendkette. In diesem Jahr veranstalteten wir auch das erste Sommerfest mit Festzelt in der Berggartenkolonie. Ein steter Zuwachs unserer Abteilung erm\u00f6glichte es Alex Klapprott und Helmut Butterbrodt, 1965 eine Sportpistolen- und KK-Gruppe aufzubauen. Diese Gruppe fuhr regelm\u00e4\u00dfig zum Training nach Elze. Im gleichen Jahr fuhren 7 Sportsch\u00fctzen unserer Abteilung das erste Mal zu einem DJK Bundessportfest nach D\u00fcsseldorf. Seitdem waren wir bei jedem Bundessportfest vertreten. Am Freitag den 19.07.1968 konnten wir \u00fcber den Betriebsr\u00e4umen der Firma Volvo-Peters einen neuen 6-Bahnen-Luftgewehrstand mit Aufenthaltsraum er\u00f6ffnen. Es war klar, da\u00df dies nur eine \u00dcbergangsl\u00f6sung war, und so zogen wir 1970 in den Gastraum unseres Clubhauses um. Im Jahr 1973 schlie\u00dflich war es dann soweit: Im neuen Mehrzweckraum unseres Clubhauses war ein Luftgewehrstand mit 8 Bahnen entstanden. Nach f\u00fcnfmaligem Wechsel hatten wir ein festes Zuhause. Die Junggesellenkompanie Hildesheim gab uns ab 1976 die M\u00f6glichkeit, auf ihrem neuen Stand in der Heinrichstr. das Pistolen- und KK-Training durchzuf\u00fchren. Rege Teilnahme am Training trug auch seine Fr\u00fcchte. Kreismeister- und Landesmeistertitel, sowie die Benennung einiger Sch\u00fctzen in die Kreisauswahl und die Teilnahme von unserem Sch\u00fctzenbruder Alex Klapprott an den Deutschen Meisterschaften waren der Lohn. Der 9. Oktober 1982 war ein besonderer Tag. Anl\u00e4\u00dflich des 25j\u00e4hrigen Bestehens unserer Abteilung wurde eine Standarte angeschafft und an diesem Tage in feierlichem Rahmen von Dompfarrer Funke geweiht. Nach einem gemeinsamen Essen mit unseren G\u00e4sten fand ein Herbstvergn\u00fcgen f\u00fcr den Gesamtverein statt. Anfang 1987 modernisierten wir unsere Standanlage. Eine mit Motorkraft in die Deckenverkleidung zu ziehende Barriere und elektrische Scheibenzuganlagen wurden von uns installiert. In unserer Abteilung schie\u00dfen wir mit den Waffenarten: Luftgewehr, Luftpistole, KK-Gewehr, Sportpistole, Vorderladerpistole und -revolver. Folgende Dekorationen werden zur Zeit bei uns ausgeschossen: Sch\u00fctzenkette (1969 erneuert), Damenkette (1969 erneuert), Jugendkette (1974 erneuert), Bischofskette, Henkekette (1978 erneuert), KK-Pokal, Sportpistolen-Pokal, Luftpistolen-Pokal, Beckendorf-Pokal, Alex-Klapprott-Pokal, Alters- und Senioren-Pokal und der neue Jugend-Pokal. Zu den festen Bestandteilen im Jahresablauf unserer Abteilung geh\u00f6ren : Teilnahme am Rundenwettkampf &#8222;Hildesheimer Rose&#8220;, an der Regionalliga Luftpistole, den Kreis- und Landesmeisterschaften, sowie Pokalschie\u00dfen. Das Osterpreisschie\u00dfen, das K\u00f6nigsschie\u00dfen und das Weihnachtspreisschie\u00dfen. Die Teilnahme am Hildesheimer Volks- und Sch\u00fctzenfestumzug, die Gemeinschaftsmesse, die Totenehrung, das Sch\u00fctzenfest und der Jahresabschlu\u00df. <\/p>\n\n\n\n<p>Seit dem letzten Ver\u00f6ffentlichen der Chronik&nbsp; im Jahre 1993 (anl\u00e4\u00dflich des 40 j\u00e4hrigen Vereinsjubil\u00e4ums) hat sich viel in unserer Abteilung ereignet. 1996 feierten wir das 40 j\u00e4hrige Bestehen der Abteilung mit einem Jubil\u00e4umsschie\u00dfen. Die von Willi Borchers gestiftete und selbst angefertigte Jubil\u00e4umsscheibe konnte sich Martin Jung mit einem 46 Teiler sichern. Regelm\u00e4\u00dfiger H\u00f6hepunkt ist und war alle 4 Jahre das DJK Bundessportfest. Wir sind zwar nicht immer sehr erfolgreich, aber daf\u00fcr die lustigsten. 1997 mu\u00dften wir Abschied von unserem Gr\u00fcndungsmitglied Gerhard Marheinke nehmen. Er war lange Jahre aktiv im Vorstand t\u00e4tig und nach seiner aktiven Zeit ein F\u00f6rderer unserer Abteilung. Von den ehemals neun Gr\u00fcndungsmitgliedern lebt jetzt nur noch Willi Haselberger.<\/p>\n\n\n\n<p>In den letzten Jahren wurde es leider immer schwieriger junge Menschen f\u00fcr den Schie\u00dfsport zu begeistern. Aus diesem Grund entschlossen wir uns in den grossen Ferien ein Schie\u00dfen im Rahmen des Hildesheimer-Ferienprogramms anzubieten. Das erste Mal (2000) war leider ein Flop. Es kam niemand. 2001 und 2002 haben wir es dann geschaft, durch eine gute Formulierung fast am Anfang des Ferienpasses zu erscheinen. Und siehe da, es kamen insgesamt etwa 170 Jungendliche zu den angebotenen Terminen. Das ist zwar eine gute Bilanz doch leider konnten sich bis heute nur 3 Jugendliche f\u00fcr das weitere Schie\u00dfen begeistern. Vielleicht \u00e4ndert sich das ja in den n\u00e4chsten Jahren. Durch gro\u00dfz\u00fcgige Spenden und einer abteilungsinternen Sammlung konnten wir f\u00fcr unsere Abteilung drei neue Luftgewehre sowie eine elektronische Auswertemaschine anschaffen. Damit sind wir technisch auf einem guten Stand. <\/p>\n\n\n\n<p>2001 verstarb unser \u00e4ltestes Mitglied Alexander Klapprott, Mitgr\u00fcnder unserer Sportpistolen und KK-Gruppe. <\/p>\n\n\n\n<p>Leider ist unsere Abteilung in den letzten Jahren immer kleiner geworden. Es ist halt nicht einfach, andere f\u00fcr einen Sport zu begeistern der kaum in den Medien Beachtung findet und&nbsp; sich eher im Kopf (Konzentrationf\u00e4higkeit) abspielt. Ich hoffe, dass wir es schaffen diesen Trend zu stoppen oder vielleicht sogar umzukehren. Ein kleiner Anfang dazu ist uns im Dezember 2002 gelungen.<\/p>\n\n\n\n<p>In diesem Sinne verbleibe ich mit einem sportlichem \u201eGut Schu\u00df\u201c.<\/p>\n\n\n\n<p>Rolf Knackstedt<\/p>\n\n\n\n<p>Abteilungsleiter<\/p>\n\n\n<p><!--EndFragment--><\/p>","protected":false},"excerpt":{"rendered":"<p>Werdegang der Schie\u00dfabteilung Am 28.11.1956 fand die Gr\u00fcndungsversammlung der Schie\u00dfabteilung statt. Neun Mitglieder unseres Vereins machten den Anfang: Bernhard und Rudolf Bodmann, Willi Haselberger, Heinrich Lohmann, Gerhard Marheineke, Friedel M\u00fcller, Klaus Uhde, Teo Uthoff und Herbert Weddig. Was schon 1955 als sehr abenteuerliche und gef\u00e4hrliche Freizeitbesch\u00e4ftigung begonnen hatte, wurde nun in geregelte Bahnen geleitet. Der Leitgedanke dieser Gr\u00fcndung war, die<\/p>\n","protected":false},"author":1,"featured_media":0,"parent":0,"menu_order":0,"comment_status":"closed","ping_status":"closed","template":"","meta":{"footnotes":""},"class_list":["post-144","page","type-page","status-publish","hentry"],"publishpress_future_action":{"enabled":false,"date":"2026-04-29 18:34:38","action":"change-status","newStatus":"draft","terms":[],"taxonomy":"","extraData":[]},"publishpress_future_workflow_manual_trigger":{"enabledWorkflows":[]},"_links":{"self":[{"href":"https:\/\/www.djk-bw-hildesheim-schuetzen.de\/index.php?rest_route=\/wp\/v2\/pages\/144","targetHints":{"allow":["GET"]}}],"collection":[{"href":"https:\/\/www.djk-bw-hildesheim-schuetzen.de\/index.php?rest_route=\/wp\/v2\/pages"}],"about":[{"href":"https:\/\/www.djk-bw-hildesheim-schuetzen.de\/index.php?rest_route=\/wp\/v2\/types\/page"}],"author":[{"embeddable":true,"href":"https:\/\/www.djk-bw-hildesheim-schuetzen.de\/index.php?rest_route=\/wp\/v2\/users\/1"}],"replies":[{"embeddable":true,"href":"https:\/\/www.djk-bw-hildesheim-schuetzen.de\/index.php?rest_route=%2Fwp%2Fv2%2Fcomments&post=144"}],"version-history":[{"count":0,"href":"https:\/\/www.djk-bw-hildesheim-schuetzen.de\/index.php?rest_route=\/wp\/v2\/pages\/144\/revisions"}],"wp:attachment":[{"href":"https:\/\/www.djk-bw-hildesheim-schuetzen.de\/index.php?rest_route=%2Fwp%2Fv2%2Fmedia&parent=144"}],"curies":[{"name":"wp","href":"https:\/\/api.w.org\/{rel}","templated":true}]}}